{"id":443,"date":"2025-04-02T16:16:24","date_gmt":"2025-04-02T14:16:24","guid":{"rendered":"https:\/\/10.86.66.121\/?page_id=443"},"modified":"2025-04-16T15:43:15","modified_gmt":"2025-04-16T13:43:15","slug":"se-former","status":"publish","type":"page","link":"https:\/\/intranet.formations-agrinature.com\/?page_id=443","title":{"rendered":"La formation continue"},"content":{"rendered":"\n<div class=\"wp-block-columns alignwide is-layout-flex wp-container-core-columns-is-layout-1da03c2a wp-block-columns-is-layout-flex\">\n<div class=\"wp-block-column is-vertically-aligned-center is-layout-flow wp-block-column-is-layout-flow\" style=\"flex-basis:60%\">\n<figure class=\"wp-block-image aligncenter size-full\"><img loading=\"lazy\" decoding=\"async\" width=\"522\" height=\"515\" src=\"https:\/\/intranet.formations-agrinature.com\/wp-content\/uploads\/2025\/03\/formations-sans-fond.png\" alt=\"\" class=\"wp-image-504\" srcset=\"https:\/\/intranet.formations-agrinature.com\/wp-content\/uploads\/2025\/03\/formations-sans-fond.png 522w, https:\/\/intranet.formations-agrinature.com\/wp-content\/uploads\/2025\/03\/formations-sans-fond-300x296.png 300w\" sizes=\"auto, (max-width: 522px) 100vw, 522px\" \/><\/figure>\n<\/div>\n\n\n\n<div class=\"wp-block-column is-layout-flow wp-block-column-is-layout-flow\" style=\"flex-basis:40%\">\n<h2 class=\"wp-block-heading\">Se former tout au long de sa vie<\/h2>\n\n\n\n<p>La formation continue repr\u00e9sente pour chaque agent un droit. Elle lui permet de d\u00e9velopper ses comp\u00e9tences dans l\u2019exercice de son m\u00e9tier et des missions qui lui sont confi\u00e9es, pour s\u2019adapter aux \u00e9volutions des m\u00e9tiers, ou encore, pour mettre en \u0153uvre un projet d\u2019\u00e9volution professionnelle.<\/p>\n\n\n\n<div class=\"wp-block-buttons is-layout-flex wp-block-buttons-is-layout-flex\"><\/div>\n<\/div>\n<\/div>\n\n\n\n<div class=\"wp-block-group alignfull has-global-padding is-layout-constrained wp-container-core-group-is-layout-669513ed wp-block-group-is-layout-constrained\" style=\"margin-top:0;margin-bottom:0;padding-top:var(--wp--preset--spacing--50);padding-right:var(--wp--preset--spacing--50);padding-bottom:var(--wp--preset--spacing--50);padding-left:var(--wp--preset--spacing--50)\">\n<div class=\"wp-block-group alignwide is-vertical is-content-justification-center is-layout-flex wp-container-core-group-is-layout-ce155fab wp-block-group-is-layout-flex\">\n<h2 class=\"wp-block-heading\">Les plateformes de formations<\/h2>\n<\/div>\n\n\n\n<div style=\"height:var(--wp--preset--spacing--30)\" aria-hidden=\"true\" class=\"wp-block-spacer\"><\/div>\n\n\n\n<div class=\"wp-block-columns alignwide is-layout-flex wp-container-core-columns-is-layout-4935966c wp-block-columns-is-layout-flex\" style=\"padding-right:0;padding-left:0\">\n<div class=\"wp-block-column is-layout-flow wp-block-column-is-layout-flow\">\n<figure class=\"wp-block-image aligncenter size-full is-resized is-style-rounded is-style-rounded--1\"><a href=\"https:\/\/formco.agriculture.gouv.fr\/\" target=\"_blank\" rel=\" noreferrer noopener\"><img loading=\"lazy\" decoding=\"async\" width=\"300\" height=\"300\" src=\"https:\/\/intranet.formations-agrinature.com\/wp-content\/uploads\/2025\/04\/masa-2.png\" alt=\"\" class=\"wp-image-587\" style=\"object-fit:cover;width:196px;height:auto\" srcset=\"https:\/\/intranet.formations-agrinature.com\/wp-content\/uploads\/2025\/04\/masa-2.png 300w, https:\/\/intranet.formations-agrinature.com\/wp-content\/uploads\/2025\/04\/masa-2-150x150.png 150w\" sizes=\"auto, (max-width: 300px) 100vw, 300px\" \/><\/a><\/figure>\n\n\n\n<div class=\"wp-block-group is-vertical is-content-justification-center is-nowrap is-layout-flex wp-container-core-group-is-layout-21d4e958 wp-block-group-is-layout-flex\">\n<p class=\"has-text-align-center has-small-font-size\">Formco<\/p>\n<\/div>\n<\/div>\n\n\n\n<div class=\"wp-block-column is-layout-flow wp-block-column-is-layout-flow\">\n<figure class=\"wp-block-image aligncenter size-full is-resized is-style-rounded is-style-rounded--2\"><a href=\"https:\/\/magistere.education.fr\/\" target=\"_blank\" rel=\" noreferrer noopener\"><img loading=\"lazy\" decoding=\"async\" width=\"200\" height=\"200\" src=\"https:\/\/intranet.formations-agrinature.com\/wp-content\/uploads\/2025\/04\/magistere-3.png\" alt=\"\" class=\"wp-image-588\" style=\"object-fit:cover;width:186px;height:auto\" srcset=\"https:\/\/intranet.formations-agrinature.com\/wp-content\/uploads\/2025\/04\/magistere-3.png 200w, https:\/\/intranet.formations-agrinature.com\/wp-content\/uploads\/2025\/04\/magistere-3-150x150.png 150w\" sizes=\"auto, (max-width: 200px) 100vw, 200px\" \/><\/a><\/figure>\n\n\n\n<div class=\"wp-block-group is-vertical is-content-justification-center is-nowrap is-layout-flex wp-container-core-group-is-layout-63bfd6c1 wp-block-group-is-layout-flex\">\n<p class=\"has-text-align-center has-small-font-size\">Magist\u00e8re<\/p>\n<\/div>\n<\/div>\n\n\n\n<div class=\"wp-block-column is-layout-flow wp-block-column-is-layout-flow\">\n<figure class=\"wp-block-image aligncenter size-full is-resized is-style-rounded is-style-rounded--3\"><a href=\"https:\/\/mentor.gouv.fr\/local\/catalog\/index.php\" target=\"_blank\" rel=\" noreferrer noopener\"><img loading=\"lazy\" decoding=\"async\" width=\"275\" height=\"183\" src=\"https:\/\/intranet.formations-agrinature.com\/wp-content\/uploads\/2025\/04\/mentor-3.jpg\" alt=\"\" class=\"wp-image-589\" style=\"aspect-ratio:1;object-fit:cover;width:188px;height:auto\"\/><\/a><\/figure>\n\n\n\n<div class=\"wp-block-group is-vertical is-content-justification-center is-nowrap is-layout-flex wp-container-core-group-is-layout-63bfd6c1 wp-block-group-is-layout-flex\">\n<p class=\"has-text-align-center has-small-font-size\">Mentor<\/p>\n<\/div>\n<\/div>\n\n\n\n<div class=\"wp-block-column is-layout-flow wp-block-column-is-layout-flow\">\n<figure class=\"wp-block-image aligncenter size-full is-resized is-style-rounded is-style-rounded--4\"><a href=\"https:\/\/acoustice.educagri.fr\/my\/\" target=\"_blank\" rel=\" noreferrer noopener\"><img loading=\"lazy\" decoding=\"async\" width=\"478\" height=\"402\" src=\"https:\/\/intranet.formations-agrinature.com\/wp-content\/uploads\/2025\/04\/accoustice-2.jpg\" alt=\"\" class=\"wp-image-591\" style=\"aspect-ratio:1;object-fit:cover;width:186px;height:auto\" srcset=\"https:\/\/intranet.formations-agrinature.com\/wp-content\/uploads\/2025\/04\/accoustice-2.jpg 478w, https:\/\/intranet.formations-agrinature.com\/wp-content\/uploads\/2025\/04\/accoustice-2-300x252.jpg 300w\" sizes=\"auto, (max-width: 478px) 100vw, 478px\" \/><\/a><\/figure>\n\n\n\n<div class=\"wp-block-group is-vertical is-content-justification-center is-nowrap is-layout-flex wp-container-core-group-is-layout-63bfd6c1 wp-block-group-is-layout-flex\">\n<p class=\"has-text-align-center has-small-font-size\">Num\u00e9rique Educatif<\/p>\n<\/div>\n<\/div>\n\n\n\n<div class=\"wp-block-column is-layout-flow wp-block-column-is-layout-flow\">\n<figure class=\"wp-block-image aligncenter size-full is-resized is-style-rounded is-style-rounded--5\"><a href=\"https:\/\/www.fun-mooc.fr\/fr\/cours\/?limit=21&amp;offset=0\" target=\"_blank\" rel=\" noreferrer noopener\"><img loading=\"lazy\" decoding=\"async\" width=\"259\" height=\"194\" src=\"https:\/\/intranet.formations-agrinature.com\/wp-content\/uploads\/2025\/04\/fun-3.jpg\" alt=\"\" class=\"wp-image-592\" style=\"aspect-ratio:1;object-fit:cover;width:190px;height:auto\"\/><\/a><\/figure>\n\n\n\n<div class=\"wp-block-group is-vertical is-content-justification-center is-nowrap is-layout-flex wp-container-core-group-is-layout-21d4e958 wp-block-group-is-layout-flex\">\n<p class=\"has-text-align-center has-small-font-size\">France Universite Numerique<\/p>\n<\/div>\n<\/div>\n<\/div>\n<\/div>\n\n\n\n<div class=\"wp-block-group alignfull has-global-padding is-layout-constrained wp-container-core-group-is-layout-d89aad35 wp-block-group-is-layout-constrained\" style=\"margin-top:0;margin-bottom:0;padding-top:var(--wp--preset--spacing--50);padding-right:var(--wp--preset--spacing--50);padding-bottom:var(--wp--preset--spacing--50);padding-left:var(--wp--preset--spacing--50)\">\n<div class=\"wp-block-group alignwide has-base-2-background-color has-background is-layout-flow wp-block-group-is-layout-flow\" style=\"border-radius:16px;padding-top:var(--wp--preset--spacing--50);padding-right:var(--wp--preset--spacing--50);padding-bottom:var(--wp--preset--spacing--50);padding-left:var(--wp--preset--spacing--50)\">\n<p class=\"has-text-align-center\">Liens outils<\/p>\n\n\n\n<div class=\"wp-block-group alignwide is-content-justification-center is-layout-flex wp-container-core-group-is-layout-f95ffa09 wp-block-group-is-layout-flex\" style=\"padding-top:0;padding-right:0;padding-bottom:0;padding-left:0\">\n<figure class=\"wp-block-image size-full is-resized\"><a href=\"https:\/\/intranet.formations-agrinature.com\/wp-content\/uploads\/2025\/04\/Fiche_d_inscription_FORMCO-Hors-SelfMobile.pdf\" target=\"_blank\" rel=\" noreferrer noopener\"><img loading=\"lazy\" decoding=\"async\" width=\"1000\" height=\"1000\" src=\"https:\/\/intranet.formations-agrinature.com\/wp-content\/uploads\/2025\/04\/Fiche-inscription-Hors-selfmofile.jpg\" alt=\"\" class=\"wp-image-460\" style=\"aspect-ratio:1.3333333333333333;object-fit:contain;width:150px;height:auto\" srcset=\"https:\/\/intranet.formations-agrinature.com\/wp-content\/uploads\/2025\/04\/Fiche-inscription-Hors-selfmofile.jpg 1000w, https:\/\/intranet.formations-agrinature.com\/wp-content\/uploads\/2025\/04\/Fiche-inscription-Hors-selfmofile-300x300.jpg 300w, https:\/\/intranet.formations-agrinature.com\/wp-content\/uploads\/2025\/04\/Fiche-inscription-Hors-selfmofile-150x150.jpg 150w, https:\/\/intranet.formations-agrinature.com\/wp-content\/uploads\/2025\/04\/Fiche-inscription-Hors-selfmofile-768x768.jpg 768w\" sizes=\"auto, (max-width: 1000px) 100vw, 1000px\" \/><\/a><\/figure>\n\n\n\n<figure class=\"wp-block-image size-full is-resized\"><a href=\"https:\/\/portail.cisirh.gouv.fr\/\" target=\"_blank\" rel=\" noreferrer noopener\"><img loading=\"lazy\" decoding=\"async\" width=\"122\" height=\"71\" src=\"https:\/\/intranet.formations-agrinature.com\/wp-content\/uploads\/2025\/04\/selfmobile.bmp\" alt=\"\" class=\"wp-image-458\" style=\"aspect-ratio:4\/3;object-fit:contain;width:150px\"\/><\/a><\/figure>\n\n\n\n<figure class=\"wp-block-image size-full is-resized\"><a href=\"https:\/\/www.google.com\/url?sa=t&amp;source=web&amp;rct=j&amp;opi=89978449&amp;url=https:\/\/capeval.chlorofil.fr\/&amp;ved=2ahUKEwiw7efY1NyMAxXbUaQEHc5uJcoQFnoECBYQAQ&amp;usg=AOvVaw11zaIOAMyUltyp3xslNZN4\" target=\"_blank\" rel=\" noreferrer noopener\"><img loading=\"lazy\" decoding=\"async\" width=\"371\" height=\"199\" src=\"https:\/\/intranet.formations-agrinature.com\/wp-content\/uploads\/2025\/04\/capeval.jpg\" alt=\"\" class=\"wp-image-467\" style=\"aspect-ratio:4\/3;object-fit:contain;width:150px\" srcset=\"https:\/\/intranet.formations-agrinature.com\/wp-content\/uploads\/2025\/04\/capeval.jpg 371w, https:\/\/intranet.formations-agrinature.com\/wp-content\/uploads\/2025\/04\/capeval-300x161.jpg 300w\" sizes=\"auto, (max-width: 371px) 100vw, 371px\" \/><\/a><\/figure>\n\n\n\n<figure class=\"wp-block-image size-full is-resized\"><a href=\"https:\/\/www.moncompteformation.gouv.fr\/espace-prive\/html\/\" target=\"_blank\" rel=\" noreferrer noopener\"><img loading=\"lazy\" decoding=\"async\" width=\"275\" height=\"183\" src=\"https:\/\/intranet.formations-agrinature.com\/wp-content\/uploads\/2025\/04\/cpf.png\" alt=\"\" class=\"wp-image-667\" style=\"aspect-ratio:4\/3;object-fit:contain;width:150px\"\/><\/a><\/figure>\n<\/div>\n<\/div>\n<\/div>\n","protected":false},"excerpt":{"rendered":"<p>Se former tout au long de sa vie La formation continue repr\u00e9sente pour chaque agent un droit. Elle lui permet de d\u00e9velopper ses comp\u00e9tences dans l\u2019exercice de son m\u00e9tier et des missions qui lui sont confi\u00e9es, pour s\u2019adapter aux \u00e9volutions des m\u00e9tiers, ou encore, pour mettre en \u0153uvre un projet d\u2019\u00e9volution professionnelle. Les plateformes de [&hellip;]<\/p>\n","protected":false},"author":1,"featured_media":0,"parent":0,"menu_order":0,"comment_status":"closed","ping_status":"closed","template":"","meta":{"footnotes":""},"class_list":["post-443","page","type-page","status-publish","hentry"],"_links":{"self":[{"href":"https:\/\/intranet.formations-agrinature.com\/index.php?rest_route=\/wp\/v2\/pages\/443","targetHints":{"allow":["GET"]}}],"collection":[{"href":"https:\/\/intranet.formations-agrinature.com\/index.php?rest_route=\/wp\/v2\/pages"}],"about":[{"href":"https:\/\/intranet.formations-agrinature.com\/index.php?rest_route=\/wp\/v2\/types\/page"}],"author":[{"embeddable":true,"href":"https:\/\/intranet.formations-agrinature.com\/index.php?rest_route=\/wp\/v2\/users\/1"}],"replies":[{"embeddable":true,"href":"https:\/\/intranet.formations-agrinature.com\/index.php?rest_route=%2Fwp%2Fv2%2Fcomments&post=443"}],"version-history":[{"count":45,"href":"https:\/\/intranet.formations-agrinature.com\/index.php?rest_route=\/wp\/v2\/pages\/443\/revisions"}],"predecessor-version":[{"id":669,"href":"https:\/\/intranet.formations-agrinature.com\/index.php?rest_route=\/wp\/v2\/pages\/443\/revisions\/669"}],"wp:attachment":[{"href":"https:\/\/intranet.formations-agrinature.com\/index.php?rest_route=%2Fwp%2Fv2%2Fmedia&parent=443"}],"curies":[{"name":"wp","href":"https:\/\/api.w.org\/{rel}","templated":true}]}}